{"id":2,"date":"2023-07-24T20:48:10","date_gmt":"2023-07-25T01:48:10","guid":{"rendered":"http:\/\/hogarmadreelisa.org\/?page_id=2"},"modified":"2023-08-23T11:09:35","modified_gmt":"2023-08-23T16:09:35","slug":"inicio","status":"publish","type":"page","link":"https:\/\/hogarmadreelisa.org\/index.php\/inicio\/","title":{"rendered":"Acerca de &#8230;"},"content":{"rendered":"\n<p>La <strong>Casa Hogar Madre Elisa<\/strong>, es una instituci\u00f3n de labor social que contribuye a los hogares colombianos en la formaci\u00f3n de ni\u00f1as y adolescentes fortalecidas en su auto estima, valores y principios morales, con capacidad de decisi\u00f3n y resilientes frente a las adversidades de la vida, para lo cual brinda formaci\u00f3n integral en el fortalecimiento de habilidades para la vida y orientaci\u00f3n en la formulaci\u00f3n de su proyecto de vida por medio de distintos talleres en manualidades, belleza integral, teatro, pintura, m\u00fasica, danza, recreaci\u00f3n y deporte; de igual manera reciben asesoramiento en la realizaci\u00f3n de sus labores acad\u00e9micas.<\/p>\n\n\n\n<p>Conocedoras de la importancia de la familia en la formaci\u00f3n de las ni\u00f1as y adolescentes, se busca el fortalecimiento de la relaci\u00f3n de vinculo y estabilidad emocional de cada uno de sus integrantes, por lo cual los procesos son apoyados desde el \u00e1rea de psicolog\u00eda y trabajo social.<\/p>\n","protected":false},"excerpt":{"rendered":"<p>La Casa Hogar Madre Elisa, es una instituci\u00f3n de labor social que contribuye a los hogares colombianos en la formaci\u00f3n de ni\u00f1as y adolescentes fortalecidas en su auto estima, valores y principios morales, con capacidad de decisi\u00f3n y resilientes frente a las adversidades de la vida, para lo cual brinda formaci\u00f3n integral en el fortalecimiento &hellip;<\/p>\n<p class=\"read-more\"> <a class=\"\" href=\"https:\/\/hogarmadreelisa.org\/index.php\/inicio\/\"> <span class=\"screen-reader-text\">Acerca de &#8230;<\/span> Leer m\u00e1s &raquo;<\/a><\/p>\n","protected":false},"author":1,"featured_media":0,"parent":0,"menu_order":0,"comment_status":"closed","ping_status":"open","template":"","meta":{"om_disable_all_campaigns":false,"_monsterinsights_skip_tracking":false,"_monsterinsights_sitenote_active":false,"_monsterinsights_sitenote_note":"","_monsterinsights_sitenote_category":0,"site-sidebar-layout":"default","site-content-layout":"","ast-site-content-layout":"","site-content-style":"default","site-sidebar-style":"default","ast-global-header-display":"","ast-banner-title-visibility":"","ast-main-header-display":"","ast-hfb-above-header-display":"","ast-hfb-below-header-display":"","ast-hfb-mobile-header-display":"","site-post-title":"","ast-breadcrumbs-content":"","ast-featured-img":"","footer-sml-layout":"","theme-transparent-header-meta":"","adv-header-id-meta":"","stick-header-meta":"","header-above-stick-meta":"","header-main-stick-meta":"","header-below-stick-meta":"","astra-migrate-meta-layouts":""},"aioseo_notices":[],"_links":{"self":[{"href":"https:\/\/hogarmadreelisa.org\/index.php\/wp-json\/wp\/v2\/pages\/2"}],"collection":[{"href":"https:\/\/hogarmadreelisa.org\/index.php\/wp-json\/wp\/v2\/pages"}],"about":[{"href":"https:\/\/hogarmadreelisa.org\/index.php\/wp-json\/wp\/v2\/types\/page"}],"author":[{"embeddable":true,"href":"https:\/\/hogarmadreelisa.org\/index.php\/wp-json\/wp\/v2\/users\/1"}],"replies":[{"embeddable":true,"href":"https:\/\/hogarmadreelisa.org\/index.php\/wp-json\/wp\/v2\/comments?post=2"}],"version-history":[{"count":2,"href":"https:\/\/hogarmadreelisa.org\/index.php\/wp-json\/wp\/v2\/pages\/2\/revisions"}],"predecessor-version":[{"id":17,"href":"https:\/\/hogarmadreelisa.org\/index.php\/wp-json\/wp\/v2\/pages\/2\/revisions\/17"}],"wp:attachment":[{"href":"https:\/\/hogarmadreelisa.org\/index.php\/wp-json\/wp\/v2\/media?parent=2"}],"curies":[{"name":"wp","href":"https:\/\/api.w.org\/{rel}","templated":true}]}}